{"id":48,"date":"2024-10-24T13:09:16","date_gmt":"2024-10-24T13:09:16","guid":{"rendered":"https:\/\/jumelage-lacanourgue-gaiberg.eu\/?page_id=48"},"modified":"2025-12-18T13:37:05","modified_gmt":"2025-12-18T13:37:05","slug":"cours","status":"publish","type":"page","link":"https:\/\/jumelage-lacanourgue-gaiberg.eu\/de\/cours\/","title":{"rendered":"Kurse"},"content":{"rendered":"<div class=\"wp-block-columns is-layout-flex wp-container-core-columns-is-layout-1 wp-block-columns-is-layout-flex\" style=\"margin-top:var(--wp--preset--spacing--30);margin-bottom:var(--wp--preset--spacing--30)\">\n<div class=\"wp-block-column is-layout-flow wp-block-column-is-layout-flow\" style=\"flex-basis:25%\">\n<figure class=\"wp-block-image size-large\"><img loading=\"lazy\" decoding=\"async\" width=\"1024\" height=\"975\" src=\"https:\/\/jumelage-lacanourgue-gaiberg.eu\/wp-content\/uploads\/2025\/12\/photo-cours-livres-1024x975.jpg\" alt=\"\" class=\"wp-image-988\" srcset=\"https:\/\/jumelage-lacanourgue-gaiberg.eu\/wp-content\/uploads\/2025\/12\/photo-cours-livres-1024x975.jpg 1024w, https:\/\/jumelage-lacanourgue-gaiberg.eu\/wp-content\/uploads\/2025\/12\/photo-cours-livres-300x286.jpg 300w, https:\/\/jumelage-lacanourgue-gaiberg.eu\/wp-content\/uploads\/2025\/12\/photo-cours-livres-768x732.jpg 768w, https:\/\/jumelage-lacanourgue-gaiberg.eu\/wp-content\/uploads\/2025\/12\/photo-cours-livres-1536x1463.jpg 1536w, https:\/\/jumelage-lacanourgue-gaiberg.eu\/wp-content\/uploads\/2025\/12\/photo-cours-livres-13x12.jpg 13w, https:\/\/jumelage-lacanourgue-gaiberg.eu\/wp-content\/uploads\/2025\/12\/photo-cours-livres.jpg 1600w\" sizes=\"auto, (max-width: 1024px) 100vw, 1024px\" \/><\/figure>\n<\/div>\n\n\n\n<div class=\"wp-block-column is-layout-flow wp-block-column-is-layout-flow\" style=\"flex-basis:75%\">\n<figure class=\"wp-block-image size-large\"><img loading=\"lazy\" decoding=\"async\" width=\"1024\" height=\"461\" src=\"https:\/\/jumelage-lacanourgue-gaiberg.eu\/wp-content\/uploads\/2025\/11\/cours-novembre-2025-1024x461.jpg\" alt=\"\" class=\"wp-image-949\" srcset=\"https:\/\/jumelage-lacanourgue-gaiberg.eu\/wp-content\/uploads\/2025\/11\/cours-novembre-2025-1024x461.jpg 1024w, https:\/\/jumelage-lacanourgue-gaiberg.eu\/wp-content\/uploads\/2025\/11\/cours-novembre-2025-300x135.jpg 300w, https:\/\/jumelage-lacanourgue-gaiberg.eu\/wp-content\/uploads\/2025\/11\/cours-novembre-2025-768x346.jpg 768w, https:\/\/jumelage-lacanourgue-gaiberg.eu\/wp-content\/uploads\/2025\/11\/cours-novembre-2025-1536x691.jpg 1536w, https:\/\/jumelage-lacanourgue-gaiberg.eu\/wp-content\/uploads\/2025\/11\/cours-novembre-2025-2048x922.jpg 2048w, https:\/\/jumelage-lacanourgue-gaiberg.eu\/wp-content\/uploads\/2025\/11\/cours-novembre-2025-18x8.jpg 18w\" sizes=\"auto, (max-width: 1024px) 100vw, 1024px\" \/><\/figure>\n<\/div>\n<\/div>\n\n\n\n<p class=\"has-text-align-left\"><em>Einmal pro Woche treffen wir uns f\u00fcr zwei Stunden zu einem Deutschkurs in netter Atmosph\u00e4re.<\/em><\/p>\n\n\n\n<p class=\"has-text-align-left\"><em>Die Teilnehmer setzen sich aus allen Altersgruppen und allen Leistungsstufen zusammen. Anf\u00e4nger sind herzlich willkommen.<\/em><\/p>\n\n\n\n<p class=\"has-text-align-left\"><em>Wir m\u00f6chten zeigen, dass an den g\u00e4ngigen Klischees \u00fcber diese Sprache l\u00e4ngst nicht alles stimmt.<\/em><\/p>\n\n\n\n<p class=\"has-text-align-left\"><em>Wir unterst\u00fctzen gerne junge Menschen, die gerade Deutsch in der Schule lernen<\/em><\/p>\n\n\n\n<p class=\"has-text-align-left\"><em>oder Lust haben, damit anzufangen.<\/em><\/p>\n\n\n\n<p class=\"has-text-align-left\"><em>Lernen Sie Deutsch auf spielerische und unkomplizierte Weise!<\/em><\/p>\n\n\n\n<p class=\"has-text-align-left\"><em>Rufen Sie uns an unter 06 84 37 67 17<\/em><\/p>\n\n\n\n<p class=\"has-text-align-left\"><\/p>","protected":false},"excerpt":{"rendered":"<p>Une fois par semaine pendant deux heures, nous nous r\u00e9unissons pour un cours d\u2019allemand dans une ambiance conviviale. Les participants sont de tous les \u00e2ges et de tous les niveaux. [&hellip;]<\/p>","protected":false},"author":3,"featured_media":0,"parent":0,"menu_order":0,"comment_status":"closed","ping_status":"closed","template":"","meta":{"_monsterinsights_skip_tracking":false,"_monsterinsights_sitenote_active":false,"_monsterinsights_sitenote_note":"","_monsterinsights_sitenote_category":0,"_EventAllDay":false,"_EventTimezone":"","_EventStartDate":"","_EventEndDate":"","_EventStartDateUTC":"","_EventEndDateUTC":"","_EventShowMap":false,"_EventShowMapLink":false,"_EventURL":"","_EventCost":"","_EventCostDescription":"","_EventCurrencySymbol":"","_EventCurrencyCode":"","_EventCurrencyPosition":"","_EventDateTimeSeparator":"","_EventTimeRangeSeparator":"","_EventOrganizerID":[],"_EventVenueID":[],"_OrganizerEmail":"","_OrganizerPhone":"","_OrganizerWebsite":"","_VenueAddress":"","_VenueCity":"","_VenueCountry":"","_VenueProvince":"","_VenueState":"","_VenueZip":"","_VenuePhone":"","_VenueURL":"","_VenueStateProvince":"","_VenueLat":"","_VenueLng":"","_VenueShowMap":false,"_VenueShowMapLink":false,"_mc_calendar":[],"footnotes":""},"class_list":["post-48","page","type-page","status-publish","hentry"],"aioseo_notices":[],"_links":{"self":[{"href":"https:\/\/jumelage-lacanourgue-gaiberg.eu\/de\/wp-json\/wp\/v2\/pages\/48","targetHints":{"allow":["GET"]}}],"collection":[{"href":"https:\/\/jumelage-lacanourgue-gaiberg.eu\/de\/wp-json\/wp\/v2\/pages"}],"about":[{"href":"https:\/\/jumelage-lacanourgue-gaiberg.eu\/de\/wp-json\/wp\/v2\/types\/page"}],"author":[{"embeddable":true,"href":"https:\/\/jumelage-lacanourgue-gaiberg.eu\/de\/wp-json\/wp\/v2\/users\/3"}],"replies":[{"embeddable":true,"href":"https:\/\/jumelage-lacanourgue-gaiberg.eu\/de\/wp-json\/wp\/v2\/comments?post=48"}],"version-history":[{"count":5,"href":"https:\/\/jumelage-lacanourgue-gaiberg.eu\/de\/wp-json\/wp\/v2\/pages\/48\/revisions"}],"predecessor-version":[{"id":989,"href":"https:\/\/jumelage-lacanourgue-gaiberg.eu\/de\/wp-json\/wp\/v2\/pages\/48\/revisions\/989"}],"wp:attachment":[{"href":"https:\/\/jumelage-lacanourgue-gaiberg.eu\/de\/wp-json\/wp\/v2\/media?parent=48"}],"curies":[{"name":"wp","href":"https:\/\/api.w.org\/{rel}","templated":true}]}}