{"id":78,"date":"2024-11-07T14:06:58","date_gmt":"2024-11-07T14:06:58","guid":{"rendered":"https:\/\/jumelage-lacanourgue-gaiberg.eu\/?page_id=78"},"modified":"2025-12-18T13:33:07","modified_gmt":"2025-12-18T13:33:07","slug":"fonds-citoyen","status":"publish","type":"page","link":"https:\/\/jumelage-lacanourgue-gaiberg.eu\/de\/fonds-citoyen\/","title":{"rendered":"B\u00fcrgerfonds"},"content":{"rendered":"<div class=\"wp-block-group is-nowrap is-layout-flex wp-container-core-group-is-layout-1 wp-block-group-is-layout-flex\">\n<p><strong>DEUTSCH-FRANZ\u00d6SISCHER B\u00dcRGERFONDS \/FONDS CITOYEN FRANCO-ALLEMAND<\/strong><\/p>\n\n\n\n<figure class=\"wp-block-image size-full\"><img loading=\"lazy\" decoding=\"async\" width=\"130\" height=\"130\" src=\"https:\/\/jumelage-lacanourgue-gaiberg.eu\/wp-content\/uploads\/2024\/11\/Logo_dfbfonds_HQ_4c-klein.jpg\" alt=\"\" class=\"wp-image-95\"\/><\/figure>\n<\/div>\n\n\n\n<p>Der Deutsch-Franz\u00f6sische B\u00fcrgerfonds ber\u00e4t, vernetzt und finanziert Projekte, die die deutsch-franz\u00f6sische Freundschaft und Europa in der Breite der Bev\u00f6lkerung erlebbar machen.<\/p>\n\n\n\n<p>Er f\u00f6rdert eine Vielzahl an Formaten und Themen, ist niedrigschwellig und steht allen Akteuren der Zivilgesellschaft offen.<\/p>\n\n\n\n<p>Der B\u00fcrgerfonds geht auf den im Jahr 2019 zwischen Deutschland und Frankreich geschlossenen Vertrag von Aachen zur\u00fcck und wurde im April 2020 errichtet. Er wird vom Deutsch-Franz\u00f6sischen Jugendwerk (DFJW) umgesetzt.<\/p>\n\n\n\n<p>Es wird zu gleichen Teilen von der Bundesregierung und der franz\u00f6sischen Regierung finanziert.<\/p>\n\n\n\n<div class=\"wp-block-buttons is-content-justification-center is-layout-flex wp-container-core-buttons-is-layout-1 wp-block-buttons-is-layout-flex\">\n<div class=\"wp-block-button\"><a class=\"wp-block-button__link wp-element-button\" href=\"https:\/\/www.fondscitoyen.eu\/\">Deutsch-Franz\u00f6sischer B\u00fcrgerfonds<\/a><\/div>\n<\/div>\n\n\n\n<p><\/p>","protected":false},"excerpt":{"rendered":"<p>FONDS CITOYEN FRANCO-ALLEMAND&nbsp;\/ DEUTSCH-FRANZ\u00d6SISCHER B\u00dcRGERFONDS Le Fonds citoyen franco-allemand conseille, met en r\u00e9seau et finance les projets qui mettent en lumi\u00e8re l\u2019amiti\u00e9 franco-allemande et l\u2019Europe. Il soutient des projets de [&hellip;]<\/p>","protected":false},"author":3,"featured_media":0,"parent":0,"menu_order":0,"comment_status":"closed","ping_status":"closed","template":"","meta":{"_monsterinsights_skip_tracking":false,"_monsterinsights_sitenote_active":false,"_monsterinsights_sitenote_note":"","_monsterinsights_sitenote_category":0,"_EventAllDay":false,"_EventTimezone":"","_EventStartDate":"","_EventEndDate":"","_EventStartDateUTC":"","_EventEndDateUTC":"","_EventShowMap":false,"_EventShowMapLink":false,"_EventURL":"","_EventCost":"","_EventCostDescription":"","_EventCurrencySymbol":"","_EventCurrencyCode":"","_EventCurrencyPosition":"","_EventDateTimeSeparator":"","_EventTimeRangeSeparator":"","_EventOrganizerID":[],"_EventVenueID":[],"_OrganizerEmail":"","_OrganizerPhone":"","_OrganizerWebsite":"","_VenueAddress":"","_VenueCity":"","_VenueCountry":"","_VenueProvince":"","_VenueState":"","_VenueZip":"","_VenuePhone":"","_VenueURL":"","_VenueStateProvince":"","_VenueLat":"","_VenueLng":"","_VenueShowMap":false,"_VenueShowMapLink":false,"_mc_calendar":[],"footnotes":""},"class_list":["post-78","page","type-page","status-publish","hentry"],"aioseo_notices":[],"_links":{"self":[{"href":"https:\/\/jumelage-lacanourgue-gaiberg.eu\/de\/wp-json\/wp\/v2\/pages\/78","targetHints":{"allow":["GET"]}}],"collection":[{"href":"https:\/\/jumelage-lacanourgue-gaiberg.eu\/de\/wp-json\/wp\/v2\/pages"}],"about":[{"href":"https:\/\/jumelage-lacanourgue-gaiberg.eu\/de\/wp-json\/wp\/v2\/types\/page"}],"author":[{"embeddable":true,"href":"https:\/\/jumelage-lacanourgue-gaiberg.eu\/de\/wp-json\/wp\/v2\/users\/3"}],"replies":[{"embeddable":true,"href":"https:\/\/jumelage-lacanourgue-gaiberg.eu\/de\/wp-json\/wp\/v2\/comments?post=78"}],"version-history":[{"count":23,"href":"https:\/\/jumelage-lacanourgue-gaiberg.eu\/de\/wp-json\/wp\/v2\/pages\/78\/revisions"}],"predecessor-version":[{"id":887,"href":"https:\/\/jumelage-lacanourgue-gaiberg.eu\/de\/wp-json\/wp\/v2\/pages\/78\/revisions\/887"}],"wp:attachment":[{"href":"https:\/\/jumelage-lacanourgue-gaiberg.eu\/de\/wp-json\/wp\/v2\/media?parent=78"}],"curies":[{"name":"wp","href":"https:\/\/api.w.org\/{rel}","templated":true}]}}